{"id":135,"date":"2021-05-12T11:36:55","date_gmt":"2021-05-12T11:36:55","guid":{"rendered":"http:\/\/grupoaneas.es\/?page_id=135"},"modified":"2022-03-31T15:07:58","modified_gmt":"2022-03-31T13:07:58","slug":"asesores-grupo-aneas","status":"publish","type":"page","link":"https:\/\/grupoaneas.es\/","title":{"rendered":"Inicio"},"content":{"rendered":"\n<div class=\"wp-block-cover alignfull has-parallax\" style=\"background-image:url(https:\/\/grupoaneas.es\/wp-content\/uploads\/2021\/05\/hero-bg.jpg);min-height:450px;aspect-ratio:unset;\"><span aria-hidden=\"true\" class=\"has-background-dim-90 wp-block-cover__gradient-background has-background-dim\" style=\"background-color:#3f1114\"><\/span><div class=\"wp-block-cover__inner-container is-layout-flow wp-block-cover-is-layout-flow\">\n<h1 class=\"alignwide has-text-align-center has-white-color has-text-color wp-block-heading\" style=\"font-size:26px\"><strong>Asesor\u00eda grupo Aneas<\/strong><\/h1>\n\n\n\n<p class=\"has-text-align-center has-medium-font-size\">\u00bfQui\u00e9nes somos?<\/p>\n\n\n\n<p class=\"has-text-align-center\" style=\"font-size:18px\">Si est\u00e1s buscando una asesor de confianza y cercano en la provincia de Sevilla, este es el lugar correcto. <br>Llevamos las soluciones a tus problemas de manera transparente y profesional.<br>\u00a1Nosotros te asesoramos!<\/p>\n\n\n\n<div class=\"wp-block-buttons alignwide is-horizontal is-content-justification-center is-layout-flex wp-container-core-buttons-is-layout-499968f5 wp-block-buttons-is-layout-flex\">\n<div class=\"wp-block-button has-custom-font-size is-style-fill is-style-primary\" style=\"font-size:12px\"><a class=\"wp-block-button__link has-nv-site-bg-background-color has-text-color has-background\" href=\"https:\/\/grupoaneas.es\/?page_id=141\" style=\"border-radius:50px;color:#3f1114\" rel=\"#\">Contacto<\/a><\/div>\n\n\n\n<div class=\"wp-block-button has-custom-font-size is-style-primary\" style=\"font-size:12px\"><a class=\"wp-block-button__link has-nv-site-bg-background-color has-text-color has-background\" href=\"https:\/\/grupoaneas.es\/?page_id=139\" style=\"border-radius:50px;color:#3f1114\">Servicios<\/a><\/div>\n<\/div>\n<\/div><\/div>\n\n\n\n<div style=\"height:50px\" aria-hidden=\"true\" class=\"wp-block-spacer\"><\/div>\n\n\n\n<div class=\"wp-block-group alignwide\"><div class=\"wp-block-group__inner-container is-layout-flow wp-block-group-is-layout-flow\">\n<hr class=\"wp-block-separator alignwide has-text-color has-background\" style=\"background-color:#3f1114;color:#3f1114\"\/>\n<\/div><\/div>\n\n\n\n<div style=\"height:25px\" aria-hidden=\"true\" class=\"wp-block-spacer\"><\/div>\n\n\n\n<div class=\"wp-block-group alignwide\"><div class=\"wp-block-group__inner-container is-layout-flow wp-block-group-is-layout-flow\">\n<h2 class=\"has-text-align-center wp-block-heading\" style=\"font-size:21px\"><strong>\u00bfPor qu\u00e9 elegirnos?<\/strong><\/h2>\n\n\n\n<p class=\"has-text-align-left\" style=\"font-size:16px\">Somos un equipo <strong>multidisciplinar <\/strong>que se ocupa de asesorar y acompa\u00f1ar a cada uno de nuestros clientes hacia sus objetivos en cualquier tema <strong>legal, fiscal y laboral<\/strong> de manera profesional y transparente. Asesoramos a peque\u00f1as y medianas empresas, profesionales independientes e incluso particulares ya que nuestro objetivo es ayudaros a optimizar vuestro negocio o finanzas personales.<\/p>\n\n\n\n<p class=\"has-text-align-left\" style=\"font-size:16px\">Nosotros escuchamos las necesidades de nuestros clientes para luego seleccionar la soluci\u00f3n mas adecuada. Cuidamos su negocio como si fuera nuestro porque si t\u00fa creces, nosotros crecemos contigo.<\/p>\n\n\n\n<div class=\"wp-block-buttons is-content-justification-center is-layout-flex wp-container-core-buttons-is-layout-16018d1d wp-block-buttons-is-layout-flex\">\n<div class=\"wp-block-button has-custom-font-size is-style-secondary\" style=\"font-size:12px\"><a class=\"wp-block-button__link has-nv-site-bg-background-color has-text-color has-background\" href=\"https:\/\/grupoaneas.es\/?page_id=141\" style=\"border-radius:50px;color:#3f1114\">Contacto<\/a><\/div>\n<\/div>\n<\/div><\/div>\n\n\n\n<div style=\"height:25px\" aria-hidden=\"true\" class=\"wp-block-spacer\"><\/div>\n\n\n\n<div class=\"wp-block-group alignfull has-ast-global-color-2-background-color has-text-color has-background\" style=\"color:#3f1114\"><div class=\"wp-block-group__inner-container is-layout-flow wp-block-group-is-layout-flow\">\n<hr class=\"wp-block-separator alignwide has-text-color has-background is-style-default\" style=\"background-color:#3f1114;color:#3f1114\"\/>\n\n\n\n<p><\/p>\n<\/div><\/div>\n\n\n\n<div style=\"height:25px\" aria-hidden=\"true\" class=\"wp-block-spacer\"><\/div>\n\n\n\n<div class=\"wp-block-group alignwide\"><div class=\"wp-block-group__inner-container is-layout-flow wp-block-group-is-layout-flow\">\n<div class=\"wp-block-columns is-layout-flex wp-container-core-columns-is-layout-9d6595d7 wp-block-columns-is-layout-flex\">\n<div class=\"wp-block-column is-layout-flow wp-block-column-is-layout-flow\">\n<h2 class=\"has-text-align-center wp-block-heading\" style=\"font-size:18px\"><strong>Equipo altamente cualificado<\/strong><\/h2>\n<\/div>\n\n\n\n<div class=\"wp-block-column is-vertically-aligned-center is-layout-flow wp-block-column-is-layout-flow\">\n<p style=\"font-size:16px\">Nos motiva lo que hacemos y, por lo tanto, podemos presentar las mejores soluciones para ayudarlo a tener controlado cualquier tema fiscal. Somos sus socios de confianza en los que puede contar.<a href=\"https:\/\/grupoaneas.es\/wp-content\/uploads\/2021\/05\/gallery-1.jpg\"><\/a><\/p>\n<\/div>\n<\/div>\n\n\n\n<div class=\"wp-block-columns is-layout-flex wp-container-core-columns-is-layout-9d6595d7 wp-block-columns-is-layout-flex\">\n<div class=\"wp-block-column is-vertically-aligned-center is-layout-flow wp-block-column-is-layout-flow\">\n<div class=\"wp-block-image is-style-rounded\"><figure class=\"aligncenter size-medium is-resized\"><img loading=\"lazy\" decoding=\"async\" src=\"https:\/\/grupoaneas.es\/wp-content\/uploads\/2022\/01\/woman-work-office-4702060-300x200.jpg\" alt=\"woman, work, office-4702060.jpg\" class=\"wp-image-496\" width=\"251\" height=\"167\" srcset=\"https:\/\/grupoaneas.es\/wp-content\/uploads\/2022\/01\/woman-work-office-4702060-300x200.jpg 300w, https:\/\/grupoaneas.es\/wp-content\/uploads\/2022\/01\/woman-work-office-4702060-1024x682.jpg 1024w, https:\/\/grupoaneas.es\/wp-content\/uploads\/2022\/01\/woman-work-office-4702060-768x512.jpg 768w, https:\/\/grupoaneas.es\/wp-content\/uploads\/2022\/01\/woman-work-office-4702060-930x620.jpg 930w, https:\/\/grupoaneas.es\/wp-content\/uploads\/2022\/01\/woman-work-office-4702060.jpg 1280w\" sizes=\"auto, (max-width: 251px) 100vw, 251px\" \/><figcaption>Te ayudamos a crear tu <br>empresa o a llevar todas tus<br>declaraciones fiscales.<\/figcaption><\/figure><\/div>\n\n\n\n<div style=\"height:55px\" aria-hidden=\"true\" class=\"wp-block-spacer\"><\/div>\n<\/div>\n\n\n\n<div class=\"wp-block-column is-layout-flow wp-block-column-is-layout-flow\">\n<div class=\"wp-block-image is-style-rounded\"><figure class=\"aligncenter size-medium is-resized\"><img loading=\"lazy\" decoding=\"async\" src=\"https:\/\/grupoaneas.es\/wp-content\/uploads\/2022\/01\/close-up-of-businessman-with-digital-tablet-1-300x200.jpg\" alt=\"\" class=\"wp-image-445\" width=\"251\" height=\"167\" srcset=\"https:\/\/grupoaneas.es\/wp-content\/uploads\/2022\/01\/close-up-of-businessman-with-digital-tablet-1-300x200.jpg 300w, https:\/\/grupoaneas.es\/wp-content\/uploads\/2022\/01\/close-up-of-businessman-with-digital-tablet-1-1024x683.jpg 1024w, https:\/\/grupoaneas.es\/wp-content\/uploads\/2022\/01\/close-up-of-businessman-with-digital-tablet-1-768x512.jpg 768w, https:\/\/grupoaneas.es\/wp-content\/uploads\/2022\/01\/close-up-of-businessman-with-digital-tablet-1-1536x1024.jpg 1536w, https:\/\/grupoaneas.es\/wp-content\/uploads\/2022\/01\/close-up-of-businessman-with-digital-tablet-1-2048x1365.jpg 2048w\" sizes=\"auto, (max-width: 251px) 100vw, 251px\" \/><figcaption>Todo tipo de gesti\u00f3n empresarial:<br>Contrataciones, Facturaci\u00f3n, N\u00f3minas,<br>Bonificaciones, Contabilidad&#8230;<\/figcaption><\/figure><\/div>\n\n\n\n<div style=\"height:55px\" aria-hidden=\"true\" class=\"wp-block-spacer\"><\/div>\n<\/div>\n\n\n\n<div class=\"wp-block-column is-layout-flow wp-block-column-is-layout-flow\">\n<div class=\"wp-block-image is-style-rounded\"><figure class=\"aligncenter size-medium is-resized\"><img loading=\"lazy\" decoding=\"async\" src=\"https:\/\/grupoaneas.es\/wp-content\/uploads\/2022\/01\/court-hammer-and-books-judgment-and-law-concept-300x200.jpg\" alt=\"\" class=\"wp-image-447\" width=\"255\" height=\"170\" srcset=\"https:\/\/grupoaneas.es\/wp-content\/uploads\/2022\/01\/court-hammer-and-books-judgment-and-law-concept-300x200.jpg 300w, https:\/\/grupoaneas.es\/wp-content\/uploads\/2022\/01\/court-hammer-and-books-judgment-and-law-concept-1024x683.jpg 1024w, https:\/\/grupoaneas.es\/wp-content\/uploads\/2022\/01\/court-hammer-and-books-judgment-and-law-concept-768x512.jpg 768w, https:\/\/grupoaneas.es\/wp-content\/uploads\/2022\/01\/court-hammer-and-books-judgment-and-law-concept-1536x1024.jpg 1536w, https:\/\/grupoaneas.es\/wp-content\/uploads\/2022\/01\/court-hammer-and-books-judgment-and-law-concept-2048x1365.jpg 2048w\" sizes=\"auto, (max-width: 255px) 100vw, 255px\" \/><figcaption>Asesoramiento legal gracias <br>a nuestro abogado colaborador para asesorarte en momentos delicados<\/figcaption><\/figure><\/div>\n\n\n\n<div style=\"height:55px\" aria-hidden=\"true\" class=\"wp-block-spacer\"><\/div>\n<\/div>\n<\/div>\n<\/div><\/div>\n\n\n\n<div style=\"height:10px\" aria-hidden=\"true\" class=\"wp-block-spacer\"><\/div>\n","protected":false},"excerpt":{"rendered":"<p>\u00bfPor qu\u00e9 elegirnos? Somos un equipo multidisciplinar que se ocupa de asesorar y acompa\u00f1ar a cada uno de nuestros clientes hacia sus objetivos en cualquier tema legal, fiscal y laboral de manera profesional y transparente. Asesoramos a peque\u00f1as y medianas empresas, profesionales independientes e incluso particulares ya que nuestro objetivo es ayudaros a optimizar vuestro&hellip;&nbsp;<a href=\"https:\/\/grupoaneas.es\/\" class=\"\" rel=\"bookmark\">Leer m\u00e1s &raquo;<span class=\"screen-reader-text\">Inicio<\/span><\/a><\/p>\n","protected":false},"author":1,"featured_media":0,"parent":0,"menu_order":0,"comment_status":"closed","ping_status":"closed","template":"","meta":{"om_disable_all_campaigns":false,"neve_meta_sidebar":"","neve_meta_container":"","neve_meta_enable_content_width":"","neve_meta_content_width":0,"neve_meta_title_alignment":"","neve_meta_author_avatar":"","neve_post_elements_order":"","neve_meta_disable_header":"","neve_meta_disable_footer":"","neve_meta_disable_title":"","footnotes":""},"class_list":["post-135","page","type-page","status-publish","hentry"],"yoast_head":"<!-- This site is optimized with the Yoast SEO plugin v18.4.1 - https:\/\/yoast.com\/wordpress\/plugins\/seo\/ -->\n<title>Inicio - Grupo Aneas<\/title>\n<meta name=\"description\" content=\"\u00bfNecesitas ayuda con gestiones legales, financieras o empresarial? Estamos aqu\u00ed para ayudarte. No lo dudes, \u00a1cont\u00e1ctanos y te ayudaremos!\" \/>\n<meta name=\"robots\" content=\"index, follow, max-snippet:-1, max-image-preview:large, max-video-preview:-1\" \/>\n<link rel=\"canonical\" href=\"https:\/\/grupoaneas.es\/\" \/>\n<meta property=\"og:locale\" content=\"es_ES\" \/>\n<meta property=\"og:type\" content=\"article\" \/>\n<meta property=\"og:title\" content=\"Inicio - Grupo Aneas\" \/>\n<meta property=\"og:description\" content=\"\u00bfNecesitas ayuda con gestiones legales, financieras o empresarial? Estamos aqu\u00ed para ayudarte. No lo dudes, \u00a1cont\u00e1ctanos y te ayudaremos!\" \/>\n<meta property=\"og:url\" content=\"https:\/\/grupoaneas.es\/\" \/>\n<meta property=\"og:site_name\" content=\"Grupo Aneas\" \/>\n<meta property=\"article:modified_time\" content=\"2022-03-31T13:07:58+00:00\" \/>\n<meta property=\"og:image\" content=\"https:\/\/grupoaneas.es\/wp-content\/uploads\/2022\/01\/woman-work-office-4702060-300x200.jpg\" \/>\n<meta name=\"twitter:card\" content=\"summary_large_image\" \/>\n<meta name=\"twitter:label1\" content=\"Tiempo de lectura\" \/>\n\t<meta name=\"twitter:data1\" content=\"2 minutos\" \/>\n<script type=\"application\/ld+json\" class=\"yoast-schema-graph\">{\"@context\":\"https:\/\/schema.org\",\"@graph\":[{\"@type\":\"Organization\",\"@id\":\"https:\/\/grupoaneas.es\/#organization\",\"name\":\"Grupo Aneas\",\"url\":\"https:\/\/grupoaneas.es\/\",\"sameAs\":[],\"logo\":{\"@type\":\"ImageObject\",\"@id\":\"https:\/\/grupoaneas.es\/#logo\",\"inLanguage\":\"es\",\"url\":\"https:\/\/grupoaneas.es\/wp-content\/uploads\/2022\/01\/cropped-cropped-Logoxxx.png\",\"contentUrl\":\"https:\/\/grupoaneas.es\/wp-content\/uploads\/2022\/01\/cropped-cropped-Logoxxx.png\",\"width\":230,\"height\":40,\"caption\":\"Grupo Aneas\"},\"image\":{\"@id\":\"https:\/\/grupoaneas.es\/#logo\"}},{\"@type\":\"WebSite\",\"@id\":\"https:\/\/grupoaneas.es\/#website\",\"url\":\"https:\/\/grupoaneas.es\/\",\"name\":\"Grupo Aneas\",\"description\":\"Asesor\u00eda fiscal, laboral y legal\",\"publisher\":{\"@id\":\"https:\/\/grupoaneas.es\/#organization\"},\"potentialAction\":[{\"@type\":\"SearchAction\",\"target\":{\"@type\":\"EntryPoint\",\"urlTemplate\":\"https:\/\/grupoaneas.es\/?s={search_term_string}\"},\"query-input\":\"required name=search_term_string\"}],\"inLanguage\":\"es\"},{\"@type\":\"ImageObject\",\"@id\":\"https:\/\/grupoaneas.es\/#primaryimage\",\"inLanguage\":\"es\",\"url\":\"https:\/\/grupoaneas.es\/wp-content\/uploads\/2022\/01\/woman-work-office-4702060.jpg\",\"contentUrl\":\"https:\/\/grupoaneas.es\/wp-content\/uploads\/2022\/01\/woman-work-office-4702060.jpg\",\"width\":1280,\"height\":853,\"caption\":\"woman, work, office-4702060.jpg\"},{\"@type\":\"WebPage\",\"@id\":\"https:\/\/grupoaneas.es\/#webpage\",\"url\":\"https:\/\/grupoaneas.es\/\",\"name\":\"Inicio - Grupo Aneas\",\"isPartOf\":{\"@id\":\"https:\/\/grupoaneas.es\/#website\"},\"primaryImageOfPage\":{\"@id\":\"https:\/\/grupoaneas.es\/#primaryimage\"},\"datePublished\":\"2021-05-12T11:36:55+00:00\",\"dateModified\":\"2022-03-31T13:07:58+00:00\",\"description\":\"\u00bfNecesitas ayuda con gestiones legales, financieras o empresarial? Estamos aqu\u00ed para ayudarte. No lo dudes, \u00a1cont\u00e1ctanos y te ayudaremos!\",\"breadcrumb\":{\"@id\":\"https:\/\/grupoaneas.es\/#breadcrumb\"},\"inLanguage\":\"es\",\"potentialAction\":[{\"@type\":\"ReadAction\",\"target\":[\"https:\/\/grupoaneas.es\/\"]}]},{\"@type\":\"BreadcrumbList\",\"@id\":\"https:\/\/grupoaneas.es\/#breadcrumb\",\"itemListElement\":[{\"@type\":\"ListItem\",\"position\":1,\"name\":\"Portada\",\"item\":\"https:\/\/grupoaneas.es\/\"},{\"@type\":\"ListItem\",\"position\":2,\"name\":\"Inicio\"}]}]}<\/script>\n<!-- \/ Yoast SEO plugin. -->","yoast_head_json":{"title":"Inicio - Grupo Aneas","description":"\u00bfNecesitas ayuda con gestiones legales, financieras o empresarial? Estamos aqu\u00ed para ayudarte. No lo dudes, \u00a1cont\u00e1ctanos y te ayudaremos!","robots":{"index":"index","follow":"follow","max-snippet":"max-snippet:-1","max-image-preview":"max-image-preview:large","max-video-preview":"max-video-preview:-1"},"canonical":"https:\/\/grupoaneas.es\/","og_locale":"es_ES","og_type":"article","og_title":"Inicio - Grupo Aneas","og_description":"\u00bfNecesitas ayuda con gestiones legales, financieras o empresarial? Estamos aqu\u00ed para ayudarte. No lo dudes, \u00a1cont\u00e1ctanos y te ayudaremos!","og_url":"https:\/\/grupoaneas.es\/","og_site_name":"Grupo Aneas","article_modified_time":"2022-03-31T13:07:58+00:00","og_image":[{"url":"https:\/\/grupoaneas.es\/wp-content\/uploads\/2022\/01\/woman-work-office-4702060-300x200.jpg"}],"twitter_card":"summary_large_image","twitter_misc":{"Tiempo de lectura":"2 minutos"},"schema":{"@context":"https:\/\/schema.org","@graph":[{"@type":"Organization","@id":"https:\/\/grupoaneas.es\/#organization","name":"Grupo Aneas","url":"https:\/\/grupoaneas.es\/","sameAs":[],"logo":{"@type":"ImageObject","@id":"https:\/\/grupoaneas.es\/#logo","inLanguage":"es","url":"https:\/\/grupoaneas.es\/wp-content\/uploads\/2022\/01\/cropped-cropped-Logoxxx.png","contentUrl":"https:\/\/grupoaneas.es\/wp-content\/uploads\/2022\/01\/cropped-cropped-Logoxxx.png","width":230,"height":40,"caption":"Grupo Aneas"},"image":{"@id":"https:\/\/grupoaneas.es\/#logo"}},{"@type":"WebSite","@id":"https:\/\/grupoaneas.es\/#website","url":"https:\/\/grupoaneas.es\/","name":"Grupo Aneas","description":"Asesor\u00eda fiscal, laboral y legal","publisher":{"@id":"https:\/\/grupoaneas.es\/#organization"},"potentialAction":[{"@type":"SearchAction","target":{"@type":"EntryPoint","urlTemplate":"https:\/\/grupoaneas.es\/?s={search_term_string}"},"query-input":"required name=search_term_string"}],"inLanguage":"es"},{"@type":"ImageObject","@id":"https:\/\/grupoaneas.es\/#primaryimage","inLanguage":"es","url":"https:\/\/grupoaneas.es\/wp-content\/uploads\/2022\/01\/woman-work-office-4702060.jpg","contentUrl":"https:\/\/grupoaneas.es\/wp-content\/uploads\/2022\/01\/woman-work-office-4702060.jpg","width":1280,"height":853,"caption":"woman, work, office-4702060.jpg"},{"@type":"WebPage","@id":"https:\/\/grupoaneas.es\/#webpage","url":"https:\/\/grupoaneas.es\/","name":"Inicio - Grupo Aneas","isPartOf":{"@id":"https:\/\/grupoaneas.es\/#website"},"primaryImageOfPage":{"@id":"https:\/\/grupoaneas.es\/#primaryimage"},"datePublished":"2021-05-12T11:36:55+00:00","dateModified":"2022-03-31T13:07:58+00:00","description":"\u00bfNecesitas ayuda con gestiones legales, financieras o empresarial? Estamos aqu\u00ed para ayudarte. No lo dudes, \u00a1cont\u00e1ctanos y te ayudaremos!","breadcrumb":{"@id":"https:\/\/grupoaneas.es\/#breadcrumb"},"inLanguage":"es","potentialAction":[{"@type":"ReadAction","target":["https:\/\/grupoaneas.es\/"]}]},{"@type":"BreadcrumbList","@id":"https:\/\/grupoaneas.es\/#breadcrumb","itemListElement":[{"@type":"ListItem","position":1,"name":"Portada","item":"https:\/\/grupoaneas.es\/"},{"@type":"ListItem","position":2,"name":"Inicio"}]}]}},"_links":{"self":[{"href":"https:\/\/grupoaneas.es\/index.php?rest_route=\/wp\/v2\/pages\/135","targetHints":{"allow":["GET"]}}],"collection":[{"href":"https:\/\/grupoaneas.es\/index.php?rest_route=\/wp\/v2\/pages"}],"about":[{"href":"https:\/\/grupoaneas.es\/index.php?rest_route=\/wp\/v2\/types\/page"}],"author":[{"embeddable":true,"href":"https:\/\/grupoaneas.es\/index.php?rest_route=\/wp\/v2\/users\/1"}],"replies":[{"embeddable":true,"href":"https:\/\/grupoaneas.es\/index.php?rest_route=%2Fwp%2Fv2%2Fcomments&post=135"}],"version-history":[{"count":45,"href":"https:\/\/grupoaneas.es\/index.php?rest_route=\/wp\/v2\/pages\/135\/revisions"}],"predecessor-version":[{"id":676,"href":"https:\/\/grupoaneas.es\/index.php?rest_route=\/wp\/v2\/pages\/135\/revisions\/676"}],"wp:attachment":[{"href":"https:\/\/grupoaneas.es\/index.php?rest_route=%2Fwp%2Fv2%2Fmedia&parent=135"}],"curies":[{"name":"wp","href":"https:\/\/api.w.org\/{rel}","templated":true}]}}