{"id":137,"date":"2021-05-12T11:37:28","date_gmt":"2021-05-12T11:37:28","guid":{"rendered":"http:\/\/grupoaneas.es\/?page_id=137"},"modified":"2022-03-26T20:48:47","modified_gmt":"2022-03-26T19:48:47","slug":"services","status":"publish","type":"page","link":"https:\/\/grupoaneas.es\/?page_id=137","title":{"rendered":"Gesti\u00f3n de la privacidad"},"content":{"rendered":"\n<div class=\"wp-block-cover alignfull has-parallax\" style=\"background-image:url(https:\/\/grupoaneas.es\/wp-content\/uploads\/2022\/01\/close-up-of-businessman-with-digital-tablet-2-scaled.jpg);min-height:300px;aspect-ratio:unset;\"><span aria-hidden=\"true\" class=\"has-background-dim-90 wp-block-cover__gradient-background has-background-dim\" style=\"background-color:#3f1114\"><\/span><div class=\"wp-block-cover__inner-container is-layout-flow wp-block-cover-is-layout-flow\">\n<h1 class=\"has-white-color has-text-color wp-block-heading\" style=\"font-size:26px\"><strong>\u00bfC\u00f3mo gestionamos tu privacidad?<\/strong><\/h1>\n<\/div><\/div>\n\n\n\n<div style=\"height:35px\" aria-hidden=\"true\" class=\"wp-block-spacer\"><\/div>\n\n\n\n<hr class=\"wp-block-separator alignwide has-text-color has-background is-style-default\" style=\"background-color:#3f1114;color:#3f1114\"\/>\n\n\n\n<div style=\"height:25px\" aria-hidden=\"true\" class=\"wp-block-spacer\"><\/div>\n\n\n\n<div class=\"wp-block-group alignfull has-ast-global-color-0-background-color has-background\"><div class=\"wp-block-group__inner-container is-layout-flow wp-block-group-is-layout-flow\">\n<div class=\"wp-block-columns alignfull are-vertically-aligned-top is-layout-flex wp-container-core-columns-is-layout-9d6595d7 wp-block-columns-is-layout-flex\">\n<div class=\"wp-block-column is-vertically-aligned-top is-layout-flow wp-block-column-is-layout-flow\">\n<h4 class=\"wp-block-heading\" style=\"font-size:21px\">Pol\u00edtica de privacidad en gesti\u00f3n <br>de datos personales<\/h4>\n\n\n\n<p style=\"font-size:16px\">Servicios y gesti\u00f3n Ana Aneas pone a disposici\u00f3n de los usuarios la Pol\u00edtica de Privacidad de la entidad informando a los usuarios respecto a los siguientes aspectos&#8230;<\/p>\n\n\n\n<div class=\"wp-block-buttons is-horizontal is-content-justification-center is-layout-flex wp-container-core-buttons-is-layout-499968f5 wp-block-buttons-is-layout-flex\">\n<div class=\"wp-block-button has-custom-font-size is-style-outline is-style-outline--1\" style=\"font-size:12px\"><a class=\"wp-block-button__link has-nv-site-bg-color has-text-color has-background\" href=\"https:\/\/grupoaneas.es\/?p=627\" style=\"border-radius:50px;background-color:#3f1114\" target=\"_blank\" rel=\"noreferrer noopener\">M\u00e1s informaci\u00f3n<\/a><\/div>\n\n\n<\/div>\n\n\n\n<div style=\"height:55px\" aria-hidden=\"true\" class=\"wp-block-spacer\"><\/div>\n<\/div>\n\n\n\n<div class=\"wp-block-column is-vertically-aligned-top is-layout-flow wp-block-column-is-layout-flow\">\n<h4 class=\"wp-block-heading\" style=\"font-size:21px\">Pol\u00edtica de privacidad en gesti\u00f3n<br>de cookies<\/h4>\n\n\n\n<p style=\"font-size:16px\">Le informamos que esta p\u00e1gina web utiliza cookies para analizar la navegaci\u00f3n de usuarios. Estos archivos se instalan en el equipo desde el que accedes a este sitio web con las finalidades que se describen a continuaci\u00f3n.<\/p>\n\n\n\n<div class=\"wp-block-buttons is-horizontal is-content-justification-center is-layout-flex wp-container-core-buttons-is-layout-499968f5 wp-block-buttons-is-layout-flex\">\n<div class=\"wp-block-button has-custom-font-size is-style-outline is-style-outline--2\" style=\"font-size:12px\"><a class=\"wp-block-button__link has-nv-site-bg-color has-text-color has-background\" href=\"https:\/\/grupoaneas.es\/?p=629\" style=\"border-radius:50px;background-color:#3f1114\">M\u00e1s informaci\u00f3n<\/a><\/div>\n\n\n<\/div>\n\n\n\n<div style=\"height:55px\" aria-hidden=\"true\" class=\"wp-block-spacer\"><\/div>\n\n\n\n<p><\/p>\n<\/div>\n\n\n\n<div class=\"wp-block-column is-vertically-aligned-center is-layout-flow wp-block-column-is-layout-flow\">\n<h4 class=\"wp-block-heading\" style=\"font-size:21px\">Aviso legal sobre la actividad<br>profesional<\/h4>\n\n\n\n<p style=\"font-size:16px\">Cumpliendo con lo previsto en la Ley 34\/2002 de 11 de julio, de servicios de la sociedad de la informaci\u00f3n y comercio electr\u00f3nico el visitante queda informado de que el presente sitio web es propiedad de&nbsp;Ana Aneas, cuyo responsable es:<\/p>\n\n\n\n<div class=\"wp-block-buttons is-horizontal is-content-justification-center is-layout-flex wp-container-core-buttons-is-layout-499968f5 wp-block-buttons-is-layout-flex\">\n<div class=\"wp-block-button has-custom-font-size is-style-outline is-style-outline--3\" style=\"font-size:12px\"><a class=\"wp-block-button__link has-nv-site-bg-color has-text-color has-background\" href=\"https:\/\/grupoaneas.es\/?p=632\" style=\"border-radius:50px;background-color:#3f1114\" target=\"_blank\" rel=\"noreferrer noopener\">M\u00e1s informaci\u00f3n<\/a><\/div>\n\n\n<\/div>\n\n\n\n<div style=\"height:55px\" aria-hidden=\"true\" class=\"wp-block-spacer\"><\/div>\n<\/div>\n<\/div>\n<\/div><\/div>\n\n\n\n<hr class=\"wp-block-separator alignwide has-text-color has-background is-style-default\" style=\"background-color:#3f1114;color:#3f1114\"\/>\n\n\n\n<div class=\"wp-block-group alignfull\"><div class=\"wp-block-group__inner-container is-layout-flow wp-block-group-is-layout-flow\">\n<div style=\"height:50px\" aria-hidden=\"true\" class=\"wp-block-spacer\"><\/div>\n<\/div><\/div>\n\n\n\n<p><\/p>\n","protected":false},"excerpt":{"rendered":"<p>Pol\u00edtica de privacidad en gesti\u00f3n de datos personales Servicios y gesti\u00f3n Ana Aneas pone a disposici\u00f3n de los usuarios la Pol\u00edtica de Privacidad de la entidad informando a los usuarios respecto a los siguientes aspectos&#8230; Pol\u00edtica de privacidad en gesti\u00f3nde cookies Le informamos que esta p\u00e1gina web utiliza cookies para analizar la navegaci\u00f3n de usuarios.&hellip;&nbsp;<a href=\"https:\/\/grupoaneas.es\/?page_id=137\" class=\"\" rel=\"bookmark\">Leer m\u00e1s &raquo;<span class=\"screen-reader-text\">Gesti\u00f3n de la privacidad<\/span><\/a><\/p>\n","protected":false},"author":1,"featured_media":0,"parent":0,"menu_order":0,"comment_status":"closed","ping_status":"closed","template":"","meta":{"om_disable_all_campaigns":false,"neve_meta_sidebar":"","neve_meta_container":"","neve_meta_enable_content_width":"","neve_meta_content_width":0,"neve_meta_title_alignment":"","neve_meta_author_avatar":"","neve_post_elements_order":"","neve_meta_disable_header":"","neve_meta_disable_footer":"","neve_meta_disable_title":"","footnotes":""},"class_list":["post-137","page","type-page","status-publish","hentry"],"yoast_head":"<!-- This site is optimized with the Yoast SEO plugin v18.4.1 - https:\/\/yoast.com\/wordpress\/plugins\/seo\/ -->\n<title>Gesti\u00f3n de la privacidad - Grupo Aneas<\/title>\n<meta name=\"robots\" content=\"index, follow, max-snippet:-1, max-image-preview:large, max-video-preview:-1\" \/>\n<link rel=\"canonical\" href=\"https:\/\/grupoaneas.es\/?page_id=137\" \/>\n<meta property=\"og:locale\" content=\"es_ES\" \/>\n<meta property=\"og:type\" content=\"article\" \/>\n<meta property=\"og:title\" content=\"Gesti\u00f3n de la privacidad - Grupo Aneas\" \/>\n<meta property=\"og:description\" content=\"Pol\u00edtica de privacidad en gesti\u00f3n de datos personales Servicios y gesti\u00f3n Ana Aneas pone a disposici\u00f3n de los usuarios la Pol\u00edtica de Privacidad de la entidad informando a los usuarios respecto a los siguientes aspectos&#8230; Pol\u00edtica de privacidad en gesti\u00f3nde cookies Le informamos que esta p\u00e1gina web utiliza cookies para analizar la navegaci\u00f3n de usuarios.&hellip;&nbsp;Leer m\u00e1s &raquo;Gesti\u00f3n de la privacidad\" \/>\n<meta property=\"og:url\" content=\"https:\/\/grupoaneas.es\/?page_id=137\" \/>\n<meta property=\"og:site_name\" content=\"Grupo Aneas\" \/>\n<meta property=\"article:modified_time\" content=\"2022-03-26T19:48:47+00:00\" \/>\n<meta name=\"twitter:card\" content=\"summary_large_image\" \/>\n<meta name=\"twitter:label1\" content=\"Tiempo de lectura\" \/>\n\t<meta name=\"twitter:data1\" content=\"1 minuto\" \/>\n<script type=\"application\/ld+json\" class=\"yoast-schema-graph\">{\"@context\":\"https:\/\/schema.org\",\"@graph\":[{\"@type\":\"Organization\",\"@id\":\"https:\/\/grupoaneas.es\/#organization\",\"name\":\"Grupo Aneas\",\"url\":\"https:\/\/grupoaneas.es\/\",\"sameAs\":[],\"logo\":{\"@type\":\"ImageObject\",\"@id\":\"https:\/\/grupoaneas.es\/#logo\",\"inLanguage\":\"es\",\"url\":\"https:\/\/grupoaneas.es\/wp-content\/uploads\/2022\/01\/cropped-cropped-Logoxxx.png\",\"contentUrl\":\"https:\/\/grupoaneas.es\/wp-content\/uploads\/2022\/01\/cropped-cropped-Logoxxx.png\",\"width\":230,\"height\":40,\"caption\":\"Grupo Aneas\"},\"image\":{\"@id\":\"https:\/\/grupoaneas.es\/#logo\"}},{\"@type\":\"WebSite\",\"@id\":\"https:\/\/grupoaneas.es\/#website\",\"url\":\"https:\/\/grupoaneas.es\/\",\"name\":\"Grupo Aneas\",\"description\":\"Asesor\u00eda fiscal, laboral y legal\",\"publisher\":{\"@id\":\"https:\/\/grupoaneas.es\/#organization\"},\"potentialAction\":[{\"@type\":\"SearchAction\",\"target\":{\"@type\":\"EntryPoint\",\"urlTemplate\":\"https:\/\/grupoaneas.es\/?s={search_term_string}\"},\"query-input\":\"required name=search_term_string\"}],\"inLanguage\":\"es\"},{\"@type\":\"WebPage\",\"@id\":\"https:\/\/grupoaneas.es\/?page_id=137#webpage\",\"url\":\"https:\/\/grupoaneas.es\/?page_id=137\",\"name\":\"Gesti\u00f3n de la privacidad - Grupo Aneas\",\"isPartOf\":{\"@id\":\"https:\/\/grupoaneas.es\/#website\"},\"datePublished\":\"2021-05-12T11:37:28+00:00\",\"dateModified\":\"2022-03-26T19:48:47+00:00\",\"breadcrumb\":{\"@id\":\"https:\/\/grupoaneas.es\/?page_id=137#breadcrumb\"},\"inLanguage\":\"es\",\"potentialAction\":[{\"@type\":\"ReadAction\",\"target\":[\"https:\/\/grupoaneas.es\/?page_id=137\"]}]},{\"@type\":\"BreadcrumbList\",\"@id\":\"https:\/\/grupoaneas.es\/?page_id=137#breadcrumb\",\"itemListElement\":[{\"@type\":\"ListItem\",\"position\":1,\"name\":\"Portada\",\"item\":\"https:\/\/grupoaneas.es\/\"},{\"@type\":\"ListItem\",\"position\":2,\"name\":\"Gesti\u00f3n de la privacidad\"}]}]}<\/script>\n<!-- \/ Yoast SEO plugin. -->","yoast_head_json":{"title":"Gesti\u00f3n de la privacidad - Grupo Aneas","robots":{"index":"index","follow":"follow","max-snippet":"max-snippet:-1","max-image-preview":"max-image-preview:large","max-video-preview":"max-video-preview:-1"},"canonical":"https:\/\/grupoaneas.es\/?page_id=137","og_locale":"es_ES","og_type":"article","og_title":"Gesti\u00f3n de la privacidad - Grupo Aneas","og_description":"Pol\u00edtica de privacidad en gesti\u00f3n de datos personales Servicios y gesti\u00f3n Ana Aneas pone a disposici\u00f3n de los usuarios la Pol\u00edtica de Privacidad de la entidad informando a los usuarios respecto a los siguientes aspectos&#8230; Pol\u00edtica de privacidad en gesti\u00f3nde cookies Le informamos que esta p\u00e1gina web utiliza cookies para analizar la navegaci\u00f3n de usuarios.&hellip;&nbsp;Leer m\u00e1s &raquo;Gesti\u00f3n de la privacidad","og_url":"https:\/\/grupoaneas.es\/?page_id=137","og_site_name":"Grupo Aneas","article_modified_time":"2022-03-26T19:48:47+00:00","twitter_card":"summary_large_image","twitter_misc":{"Tiempo de lectura":"1 minuto"},"schema":{"@context":"https:\/\/schema.org","@graph":[{"@type":"Organization","@id":"https:\/\/grupoaneas.es\/#organization","name":"Grupo Aneas","url":"https:\/\/grupoaneas.es\/","sameAs":[],"logo":{"@type":"ImageObject","@id":"https:\/\/grupoaneas.es\/#logo","inLanguage":"es","url":"https:\/\/grupoaneas.es\/wp-content\/uploads\/2022\/01\/cropped-cropped-Logoxxx.png","contentUrl":"https:\/\/grupoaneas.es\/wp-content\/uploads\/2022\/01\/cropped-cropped-Logoxxx.png","width":230,"height":40,"caption":"Grupo Aneas"},"image":{"@id":"https:\/\/grupoaneas.es\/#logo"}},{"@type":"WebSite","@id":"https:\/\/grupoaneas.es\/#website","url":"https:\/\/grupoaneas.es\/","name":"Grupo Aneas","description":"Asesor\u00eda fiscal, laboral y legal","publisher":{"@id":"https:\/\/grupoaneas.es\/#organization"},"potentialAction":[{"@type":"SearchAction","target":{"@type":"EntryPoint","urlTemplate":"https:\/\/grupoaneas.es\/?s={search_term_string}"},"query-input":"required name=search_term_string"}],"inLanguage":"es"},{"@type":"WebPage","@id":"https:\/\/grupoaneas.es\/?page_id=137#webpage","url":"https:\/\/grupoaneas.es\/?page_id=137","name":"Gesti\u00f3n de la privacidad - Grupo Aneas","isPartOf":{"@id":"https:\/\/grupoaneas.es\/#website"},"datePublished":"2021-05-12T11:37:28+00:00","dateModified":"2022-03-26T19:48:47+00:00","breadcrumb":{"@id":"https:\/\/grupoaneas.es\/?page_id=137#breadcrumb"},"inLanguage":"es","potentialAction":[{"@type":"ReadAction","target":["https:\/\/grupoaneas.es\/?page_id=137"]}]},{"@type":"BreadcrumbList","@id":"https:\/\/grupoaneas.es\/?page_id=137#breadcrumb","itemListElement":[{"@type":"ListItem","position":1,"name":"Portada","item":"https:\/\/grupoaneas.es\/"},{"@type":"ListItem","position":2,"name":"Gesti\u00f3n de la privacidad"}]}]}},"_links":{"self":[{"href":"https:\/\/grupoaneas.es\/index.php?rest_route=\/wp\/v2\/pages\/137","targetHints":{"allow":["GET"]}}],"collection":[{"href":"https:\/\/grupoaneas.es\/index.php?rest_route=\/wp\/v2\/pages"}],"about":[{"href":"https:\/\/grupoaneas.es\/index.php?rest_route=\/wp\/v2\/types\/page"}],"author":[{"embeddable":true,"href":"https:\/\/grupoaneas.es\/index.php?rest_route=\/wp\/v2\/users\/1"}],"replies":[{"embeddable":true,"href":"https:\/\/grupoaneas.es\/index.php?rest_route=%2Fwp%2Fv2%2Fcomments&post=137"}],"version-history":[{"count":16,"href":"https:\/\/grupoaneas.es\/index.php?rest_route=\/wp\/v2\/pages\/137\/revisions"}],"predecessor-version":[{"id":654,"href":"https:\/\/grupoaneas.es\/index.php?rest_route=\/wp\/v2\/pages\/137\/revisions\/654"}],"wp:attachment":[{"href":"https:\/\/grupoaneas.es\/index.php?rest_route=%2Fwp%2Fv2%2Fmedia&parent=137"}],"curies":[{"name":"wp","href":"https:\/\/api.w.org\/{rel}","templated":true}]}}