{"id":139,"date":"2021-05-12T11:38:10","date_gmt":"2021-05-12T11:38:10","guid":{"rendered":"http:\/\/grupoaneas.es\/?page_id=139"},"modified":"2022-03-31T11:56:13","modified_gmt":"2022-03-31T09:56:13","slug":"servicios-asesoria-aneas","status":"publish","type":"page","link":"https:\/\/grupoaneas.es\/?page_id=139","title":{"rendered":"Nuestros servicios"},"content":{"rendered":"\n<div class=\"wp-block-cover alignfull has-parallax\" style=\"background-image:url(https:\/\/grupoaneas.es\/wp-content\/uploads\/2022\/01\/meeting-workplace-team-5395615.jpg);min-height:450px;aspect-ratio:unset;\"><span aria-hidden=\"true\" class=\"has-background-dim-90 wp-block-cover__gradient-background has-background-dim\" style=\"background-color:#3f1114\"><\/span><div class=\"wp-block-cover__inner-container is-layout-flow wp-block-cover-is-layout-flow\">\n<h1 class=\"has-text-align-center has-white-color has-text-color wp-block-heading\" style=\"font-size:26px\"><strong>Servicios Asesor\u00eda grupo Aneas<\/strong><br>&#8211; Sevilla &#8211;<\/h1>\n<\/div><\/div>\n\n\n\n<div class=\"wp-block-group alignfull has-ast-global-color-0-background-color has-background\"><div class=\"wp-block-group__inner-container is-layout-flow wp-block-group-is-layout-flow\">\n<div style=\"height:25px\" aria-hidden=\"true\" class=\"wp-block-spacer\"><\/div>\n\n\n\n<hr class=\"wp-block-separator aligncenter has-text-color has-background is-style-default\" style=\"background-color:#3f1114;color:#3f1114\"\/>\n\n\n\n<div style=\"height:25px\" aria-hidden=\"true\" class=\"wp-block-spacer\"><\/div>\n\n\n\n<p style=\"font-size:16px\">Ya sea <strong>online <\/strong>o en nuestra oficina de <strong>Sevilla<\/strong>, nos encargamos de realizar todas las tareas relativas a este campo (variaci\u00f3n de datos de trabajadores, confecci\u00f3n de n\u00f3minas, pagos de seguros sociales, contabilidad\u2026), te <strong>asesoramos<\/strong> sobre el tipo de contrataci\u00f3n m\u00e1s beneficiosa para ti o para tu empresa, de las ayudas y\/o bonificaciones que te puedan corresponder.<\/p>\n\n\n\n<p style=\"font-size:16px\">Seas&nbsp;<strong>empresa o aut\u00f3nomo<\/strong>, la realizaci\u00f3n de tu actividad conlleva unas obligaciones fiscales, no solo en la elaboraci\u00f3n y presentaci\u00f3n de impuestos, como I.V.A., I.R.P.F., etc., sino que tambi\u00e9n lleva aparejadas obligaciones formales, tales como las modificaciones censales, o las obligaciones en materia de facturaci\u00f3n.<\/p>\n\n\n\n<p style=\"font-size:16px\">Si eres <strong>particular<\/strong> tambi\u00e9n ofrecemos la realizaci\u00f3n de la declaraci\u00f3n de la renta.<\/p>\n\n\n\n<p style=\"font-size:16px\">Contamos con un <strong>abogado <\/strong>que te acompa\u00f1ar\u00e1 donde necesites.<\/p>\n\n\n\n<h3 class=\"wp-block-heading\" style=\"font-size:18px\">Nuestros servicios<\/h3>\n\n\n\n<p style=\"font-size:16px\">&#8211; Asesor\u00eda Fiscal <br>&#8211; Asesor\u00eda Laboral<br>&#8211; Asesor\u00eda Legal<\/p>\n\n\n\n<div style=\"height:3px\" aria-hidden=\"true\" class=\"wp-block-spacer\"><\/div>\n\n\n\n<hr class=\"wp-block-separator aligncenter has-text-color has-background\" style=\"background-color:#3f1114;color:#3f1114\"\/>\n\n\n\n<div style=\"height:25px\" aria-hidden=\"true\" class=\"wp-block-spacer\"><\/div>\n\n\n\n<div class=\"wp-block-media-text alignfull has-media-on-the-right is-stacked-on-mobile is-vertically-aligned-center has-background\" style=\"background-color:#3f1114;grid-template-columns:auto 29%\"><figure class=\"wp-block-media-text__media\"><img loading=\"lazy\" decoding=\"async\" width=\"1024\" height=\"683\" src=\"https:\/\/grupoaneas.es\/wp-content\/uploads\/2022\/01\/attractive-laughing-freelancer-woman-posing-with-cup-of-coffee-at-her-workplace-chinese-student-in-blue-shirt-works-with-document-in-campus-with-blonde-friend-in-glasses-1-1024x683.jpg\" alt=\"\" class=\"wp-image-515 size-full\" srcset=\"https:\/\/grupoaneas.es\/wp-content\/uploads\/2022\/01\/attractive-laughing-freelancer-woman-posing-with-cup-of-coffee-at-her-workplace-chinese-student-in-blue-shirt-works-with-document-in-campus-with-blonde-friend-in-glasses-1-1024x683.jpg 1024w, https:\/\/grupoaneas.es\/wp-content\/uploads\/2022\/01\/attractive-laughing-freelancer-woman-posing-with-cup-of-coffee-at-her-workplace-chinese-student-in-blue-shirt-works-with-document-in-campus-with-blonde-friend-in-glasses-1-300x200.jpg 300w, https:\/\/grupoaneas.es\/wp-content\/uploads\/2022\/01\/attractive-laughing-freelancer-woman-posing-with-cup-of-coffee-at-her-workplace-chinese-student-in-blue-shirt-works-with-document-in-campus-with-blonde-friend-in-glasses-1-768x512.jpg 768w, https:\/\/grupoaneas.es\/wp-content\/uploads\/2022\/01\/attractive-laughing-freelancer-woman-posing-with-cup-of-coffee-at-her-workplace-chinese-student-in-blue-shirt-works-with-document-in-campus-with-blonde-friend-in-glasses-1-1536x1024.jpg 1536w, https:\/\/grupoaneas.es\/wp-content\/uploads\/2022\/01\/attractive-laughing-freelancer-woman-posing-with-cup-of-coffee-at-her-workplace-chinese-student-in-blue-shirt-works-with-document-in-campus-with-blonde-friend-in-glasses-1-2048x1365.jpg 2048w, https:\/\/grupoaneas.es\/wp-content\/uploads\/2022\/01\/attractive-laughing-freelancer-woman-posing-with-cup-of-coffee-at-her-workplace-chinese-student-in-blue-shirt-works-with-document-in-campus-with-blonde-friend-in-glasses-1-930x620.jpg 930w\" sizes=\"auto, (max-width: 1024px) 100vw, 1024px\" \/><\/figure><div class=\"wp-block-media-text__content\">\n<div style=\"height:11px\" aria-hidden=\"true\" class=\"wp-block-spacer\"><\/div>\n\n\n\n<p class=\"has-nv-site-bg-color has-text-color\" style=\"font-size:21px\"><br><strong>\u00bfNecesitas una consulta?<\/strong><\/p>\n\n\n\n<p class=\"has-nv-light-bg-color has-text-color\" style=\"font-size:16px\">Puedes contactarnos en nuestro m\u00f3dulo online o llamarnos sin compromiso para explicarnos tus ideas o dudas. <br>No te preocupes ya que nosotros \u00a1podemos ayudarte!<\/p>\n\n\n\n<div class=\"wp-block-buttons alignwide is-horizontal is-content-justification-center is-layout-flex wp-container-core-buttons-is-layout-499968f5 wp-block-buttons-is-layout-flex\">\n<div class=\"wp-block-button has-custom-font-size is-style-primary\" style=\"font-size:12px\"><a class=\"wp-block-button__link has-nv-text-dark-bg-background-color has-text-color has-background\" href=\"https:\/\/grupoaneas.es\/?page_id=141\" style=\"border-radius:50px;color:#3f1114\"> Contacto<\/a><\/div>\n<\/div>\n\n\n\n<div style=\"height:11px\" aria-hidden=\"true\" class=\"wp-block-spacer\"><\/div>\n<\/div><\/div>\n<\/div><\/div>\n\n\n\n<div style=\"height:35px\" aria-hidden=\"true\" class=\"wp-block-spacer\"><\/div>\n\n\n\n<p><\/p>\n","protected":false},"excerpt":{"rendered":"<p>Ya sea online o en nuestra oficina de Sevilla, nos encargamos de realizar todas las tareas relativas a este campo (variaci\u00f3n de datos de trabajadores, confecci\u00f3n de n\u00f3minas, pagos de seguros sociales, contabilidad\u2026), te asesoramos sobre el tipo de contrataci\u00f3n m\u00e1s beneficiosa para ti o para tu empresa, de las ayudas y\/o bonificaciones que te&hellip;&nbsp;<a href=\"https:\/\/grupoaneas.es\/?page_id=139\" class=\"\" rel=\"bookmark\">Leer m\u00e1s &raquo;<span class=\"screen-reader-text\">Nuestros servicios<\/span><\/a><\/p>\n","protected":false},"author":1,"featured_media":0,"parent":0,"menu_order":0,"comment_status":"closed","ping_status":"closed","template":"","meta":{"om_disable_all_campaigns":false,"neve_meta_sidebar":"","neve_meta_container":"","neve_meta_enable_content_width":"","neve_meta_content_width":0,"neve_meta_title_alignment":"","neve_meta_author_avatar":"","neve_post_elements_order":"","neve_meta_disable_header":"","neve_meta_disable_footer":"","neve_meta_disable_title":"","footnotes":""},"class_list":["post-139","page","type-page","status-publish","hentry"],"yoast_head":"<!-- This site is optimized with the Yoast SEO plugin v18.4.1 - https:\/\/yoast.com\/wordpress\/plugins\/seo\/ -->\n<title>Nuestros servicios - Grupo Aneas<\/title>\n<meta name=\"description\" content=\"Seas aut\u00f3nomo, empresa o particular, nosotros te asesoramos online o en nuestra oficina de Sevilla en materia fiscal, laboral o legal.\" \/>\n<meta name=\"robots\" content=\"index, follow, max-snippet:-1, max-image-preview:large, max-video-preview:-1\" \/>\n<link rel=\"canonical\" href=\"https:\/\/grupoaneas.es\/?page_id=139\" \/>\n<meta property=\"og:locale\" content=\"es_ES\" \/>\n<meta property=\"og:type\" content=\"article\" \/>\n<meta property=\"og:title\" content=\"Nuestros servicios - Grupo Aneas\" \/>\n<meta property=\"og:description\" content=\"Seas aut\u00f3nomo, empresa o particular, nosotros te asesoramos online o en nuestra oficina de Sevilla en materia fiscal, laboral o legal.\" \/>\n<meta property=\"og:url\" content=\"https:\/\/grupoaneas.es\/?page_id=139\" \/>\n<meta property=\"og:site_name\" content=\"Grupo Aneas\" \/>\n<meta property=\"article:modified_time\" content=\"2022-03-31T09:56:13+00:00\" \/>\n<meta property=\"og:image\" content=\"https:\/\/grupoaneas.es\/wp-content\/uploads\/2022\/01\/attractive-laughing-freelancer-woman-posing-with-cup-of-coffee-at-her-workplace-chinese-student-in-blue-shirt-works-with-document-in-campus-with-blonde-friend-in-glasses-1-1024x683.jpg\" \/>\n<meta name=\"twitter:card\" content=\"summary_large_image\" \/>\n<meta name=\"twitter:label1\" content=\"Tiempo de lectura\" \/>\n\t<meta name=\"twitter:data1\" content=\"1 minuto\" \/>\n<script type=\"application\/ld+json\" class=\"yoast-schema-graph\">{\"@context\":\"https:\/\/schema.org\",\"@graph\":[{\"@type\":\"Organization\",\"@id\":\"https:\/\/grupoaneas.es\/#organization\",\"name\":\"Grupo Aneas\",\"url\":\"https:\/\/grupoaneas.es\/\",\"sameAs\":[],\"logo\":{\"@type\":\"ImageObject\",\"@id\":\"https:\/\/grupoaneas.es\/#logo\",\"inLanguage\":\"es\",\"url\":\"https:\/\/grupoaneas.es\/wp-content\/uploads\/2022\/01\/cropped-cropped-Logoxxx.png\",\"contentUrl\":\"https:\/\/grupoaneas.es\/wp-content\/uploads\/2022\/01\/cropped-cropped-Logoxxx.png\",\"width\":230,\"height\":40,\"caption\":\"Grupo Aneas\"},\"image\":{\"@id\":\"https:\/\/grupoaneas.es\/#logo\"}},{\"@type\":\"WebSite\",\"@id\":\"https:\/\/grupoaneas.es\/#website\",\"url\":\"https:\/\/grupoaneas.es\/\",\"name\":\"Grupo Aneas\",\"description\":\"Asesor\u00eda fiscal, laboral y legal\",\"publisher\":{\"@id\":\"https:\/\/grupoaneas.es\/#organization\"},\"potentialAction\":[{\"@type\":\"SearchAction\",\"target\":{\"@type\":\"EntryPoint\",\"urlTemplate\":\"https:\/\/grupoaneas.es\/?s={search_term_string}\"},\"query-input\":\"required name=search_term_string\"}],\"inLanguage\":\"es\"},{\"@type\":\"ImageObject\",\"@id\":\"https:\/\/grupoaneas.es\/?page_id=139#primaryimage\",\"inLanguage\":\"es\",\"url\":\"https:\/\/grupoaneas.es\/wp-content\/uploads\/2022\/01\/attractive-laughing-freelancer-woman-posing-with-cup-of-coffee-at-her-workplace-chinese-student-in-blue-shirt-works-with-document-in-campus-with-blonde-friend-in-glasses-1-1024x683.jpg\",\"contentUrl\":\"https:\/\/grupoaneas.es\/wp-content\/uploads\/2022\/01\/attractive-laughing-freelancer-woman-posing-with-cup-of-coffee-at-her-workplace-chinese-student-in-blue-shirt-works-with-document-in-campus-with-blonde-friend-in-glasses-1-1024x683.jpg\"},{\"@type\":\"WebPage\",\"@id\":\"https:\/\/grupoaneas.es\/?page_id=139#webpage\",\"url\":\"https:\/\/grupoaneas.es\/?page_id=139\",\"name\":\"Nuestros servicios - Grupo Aneas\",\"isPartOf\":{\"@id\":\"https:\/\/grupoaneas.es\/#website\"},\"primaryImageOfPage\":{\"@id\":\"https:\/\/grupoaneas.es\/?page_id=139#primaryimage\"},\"datePublished\":\"2021-05-12T11:38:10+00:00\",\"dateModified\":\"2022-03-31T09:56:13+00:00\",\"description\":\"Seas aut\u00f3nomo, empresa o particular, nosotros te asesoramos online o en nuestra oficina de Sevilla en materia fiscal, laboral o legal.\",\"breadcrumb\":{\"@id\":\"https:\/\/grupoaneas.es\/?page_id=139#breadcrumb\"},\"inLanguage\":\"es\",\"potentialAction\":[{\"@type\":\"ReadAction\",\"target\":[\"https:\/\/grupoaneas.es\/?page_id=139\"]}]},{\"@type\":\"BreadcrumbList\",\"@id\":\"https:\/\/grupoaneas.es\/?page_id=139#breadcrumb\",\"itemListElement\":[{\"@type\":\"ListItem\",\"position\":1,\"name\":\"Portada\",\"item\":\"https:\/\/grupoaneas.es\/\"},{\"@type\":\"ListItem\",\"position\":2,\"name\":\"Nuestros servicios\"}]}]}<\/script>\n<!-- \/ Yoast SEO plugin. -->","yoast_head_json":{"title":"Nuestros servicios - Grupo Aneas","description":"Seas aut\u00f3nomo, empresa o particular, nosotros te asesoramos online o en nuestra oficina de Sevilla en materia fiscal, laboral o legal.","robots":{"index":"index","follow":"follow","max-snippet":"max-snippet:-1","max-image-preview":"max-image-preview:large","max-video-preview":"max-video-preview:-1"},"canonical":"https:\/\/grupoaneas.es\/?page_id=139","og_locale":"es_ES","og_type":"article","og_title":"Nuestros servicios - Grupo Aneas","og_description":"Seas aut\u00f3nomo, empresa o particular, nosotros te asesoramos online o en nuestra oficina de Sevilla en materia fiscal, laboral o legal.","og_url":"https:\/\/grupoaneas.es\/?page_id=139","og_site_name":"Grupo Aneas","article_modified_time":"2022-03-31T09:56:13+00:00","og_image":[{"url":"https:\/\/grupoaneas.es\/wp-content\/uploads\/2022\/01\/attractive-laughing-freelancer-woman-posing-with-cup-of-coffee-at-her-workplace-chinese-student-in-blue-shirt-works-with-document-in-campus-with-blonde-friend-in-glasses-1-1024x683.jpg"}],"twitter_card":"summary_large_image","twitter_misc":{"Tiempo de lectura":"1 minuto"},"schema":{"@context":"https:\/\/schema.org","@graph":[{"@type":"Organization","@id":"https:\/\/grupoaneas.es\/#organization","name":"Grupo Aneas","url":"https:\/\/grupoaneas.es\/","sameAs":[],"logo":{"@type":"ImageObject","@id":"https:\/\/grupoaneas.es\/#logo","inLanguage":"es","url":"https:\/\/grupoaneas.es\/wp-content\/uploads\/2022\/01\/cropped-cropped-Logoxxx.png","contentUrl":"https:\/\/grupoaneas.es\/wp-content\/uploads\/2022\/01\/cropped-cropped-Logoxxx.png","width":230,"height":40,"caption":"Grupo Aneas"},"image":{"@id":"https:\/\/grupoaneas.es\/#logo"}},{"@type":"WebSite","@id":"https:\/\/grupoaneas.es\/#website","url":"https:\/\/grupoaneas.es\/","name":"Grupo Aneas","description":"Asesor\u00eda fiscal, laboral y legal","publisher":{"@id":"https:\/\/grupoaneas.es\/#organization"},"potentialAction":[{"@type":"SearchAction","target":{"@type":"EntryPoint","urlTemplate":"https:\/\/grupoaneas.es\/?s={search_term_string}"},"query-input":"required name=search_term_string"}],"inLanguage":"es"},{"@type":"ImageObject","@id":"https:\/\/grupoaneas.es\/?page_id=139#primaryimage","inLanguage":"es","url":"https:\/\/grupoaneas.es\/wp-content\/uploads\/2022\/01\/attractive-laughing-freelancer-woman-posing-with-cup-of-coffee-at-her-workplace-chinese-student-in-blue-shirt-works-with-document-in-campus-with-blonde-friend-in-glasses-1-1024x683.jpg","contentUrl":"https:\/\/grupoaneas.es\/wp-content\/uploads\/2022\/01\/attractive-laughing-freelancer-woman-posing-with-cup-of-coffee-at-her-workplace-chinese-student-in-blue-shirt-works-with-document-in-campus-with-blonde-friend-in-glasses-1-1024x683.jpg"},{"@type":"WebPage","@id":"https:\/\/grupoaneas.es\/?page_id=139#webpage","url":"https:\/\/grupoaneas.es\/?page_id=139","name":"Nuestros servicios - Grupo Aneas","isPartOf":{"@id":"https:\/\/grupoaneas.es\/#website"},"primaryImageOfPage":{"@id":"https:\/\/grupoaneas.es\/?page_id=139#primaryimage"},"datePublished":"2021-05-12T11:38:10+00:00","dateModified":"2022-03-31T09:56:13+00:00","description":"Seas aut\u00f3nomo, empresa o particular, nosotros te asesoramos online o en nuestra oficina de Sevilla en materia fiscal, laboral o legal.","breadcrumb":{"@id":"https:\/\/grupoaneas.es\/?page_id=139#breadcrumb"},"inLanguage":"es","potentialAction":[{"@type":"ReadAction","target":["https:\/\/grupoaneas.es\/?page_id=139"]}]},{"@type":"BreadcrumbList","@id":"https:\/\/grupoaneas.es\/?page_id=139#breadcrumb","itemListElement":[{"@type":"ListItem","position":1,"name":"Portada","item":"https:\/\/grupoaneas.es\/"},{"@type":"ListItem","position":2,"name":"Nuestros servicios"}]}]}},"_links":{"self":[{"href":"https:\/\/grupoaneas.es\/index.php?rest_route=\/wp\/v2\/pages\/139","targetHints":{"allow":["GET"]}}],"collection":[{"href":"https:\/\/grupoaneas.es\/index.php?rest_route=\/wp\/v2\/pages"}],"about":[{"href":"https:\/\/grupoaneas.es\/index.php?rest_route=\/wp\/v2\/types\/page"}],"author":[{"embeddable":true,"href":"https:\/\/grupoaneas.es\/index.php?rest_route=\/wp\/v2\/users\/1"}],"replies":[{"embeddable":true,"href":"https:\/\/grupoaneas.es\/index.php?rest_route=%2Fwp%2Fv2%2Fcomments&post=139"}],"version-history":[{"count":44,"href":"https:\/\/grupoaneas.es\/index.php?rest_route=\/wp\/v2\/pages\/139\/revisions"}],"predecessor-version":[{"id":677,"href":"https:\/\/grupoaneas.es\/index.php?rest_route=\/wp\/v2\/pages\/139\/revisions\/677"}],"wp:attachment":[{"href":"https:\/\/grupoaneas.es\/index.php?rest_route=%2Fwp%2Fv2%2Fmedia&parent=139"}],"curies":[{"name":"wp","href":"https:\/\/api.w.org\/{rel}","templated":true}]}}