{"id":141,"date":"2021-05-12T11:38:43","date_gmt":"2021-05-12T11:38:43","guid":{"rendered":"http:\/\/grupoaneas.es\/?page_id=141"},"modified":"2022-03-30T16:02:05","modified_gmt":"2022-03-30T14:02:05","slug":"contacto","status":"publish","type":"page","link":"https:\/\/grupoaneas.es\/?page_id=141","title":{"rendered":"Contacto"},"content":{"rendered":"\n<div class=\"wp-block-cover alignfull has-parallax\" style=\"background-image:url(https:\/\/grupoaneas.es\/wp-content\/uploads\/2022\/01\/attractive-laughing-freelancer-woman-posing-with-cup-of-coffee-at-her-workplace-chinese-student-in-blue-shirt-works-with-document-in-campus-with-blonde-friend-in-glasses-scaled.jpg)\"><span aria-hidden=\"true\" class=\"has-background-dim-90 wp-block-cover__gradient-background has-background-dim\" style=\"background-color:#3f1114\"><\/span><div class=\"wp-block-cover__inner-container is-layout-flow wp-block-cover-is-layout-flow\">\n<p class=\"has-text-align-center\" style=\"font-size:26px\"><strong>Estaremos encantados<br>de responderte<\/strong><\/p>\n<\/div><\/div>\n\n\n\n<div style=\"height:50px\" aria-hidden=\"true\" class=\"wp-block-spacer\"><\/div>\n\n\n\n<div class=\"wp-block-group alignfull has-ast-global-color-0-background-color has-background\"><div class=\"wp-block-group__inner-container is-layout-flow wp-block-group-is-layout-flow\">\n<hr class=\"wp-block-separator aligncenter has-text-color has-background is-style-default\" style=\"background-color:#3f1114;color:#3f1114\"\/>\n\n\n\n<div style=\"height:25px\" aria-hidden=\"true\" class=\"wp-block-spacer\"><\/div>\n\n\n\n<div class=\"wp-block-columns is-layout-flex wp-container-core-columns-is-layout-9d6595d7 wp-block-columns-is-layout-flex\">\n<div class=\"wp-block-column is-vertically-aligned-center is-layout-flow wp-block-column-is-layout-flow\">\n<h2 class=\"wp-block-heading\" style=\"font-size:21px\">Estamos aqu\u00ed para ayudarte<\/h2>\n\n\n\n<h4 class=\"wp-block-heading\" style=\"font-size:18px\">Direcci\u00f3n<\/h4>\n\n\n\n<p style=\"font-size:16px\">Calle Federico S\u00e1nchez bedoya n\u00b07, <br>4\u00b0 planta letra GBis<br>Sevilla, 41001<\/p>\n\n\n\n<h4 class=\"wp-block-heading\" style=\"font-size:18px\">Tel\u00e9fono<\/h4>\n\n\n\n<p style=\"font-size:16px\"><a href=\"https:\/\/wa.me\/686296678\" target=\"_blank\" rel=\"noreferrer noopener\">+34 686 29 66 78<\/a><\/p>\n\n\n\n<p><a href=\"mailto:ana.aneas@grupoaneas.es\" target=\"_blank\" rel=\"noreferrer noopener\">ana.aneas@grupoaneas.es<\/a><\/p>\n<\/div>\n\n\n\n<div class=\"wp-block-column is-vertically-aligned-center has-nv-c-2-color has-text-color is-layout-flow wp-block-column-is-layout-flow\">\n<div class=\"wp-block-group has-background\" style=\"background-color:#ffffff\"><div class=\"wp-block-group__inner-container is-layout-flow wp-block-group-is-layout-flow\"><div class=\"wpforms-container \" id=\"wpforms-5\"><form id=\"wpforms-form-5\" class=\"wpforms-validate wpforms-form\" data-formid=\"5\" method=\"post\" enctype=\"multipart\/form-data\" action=\"\/index.php?rest_route=%2Fwp%2Fv2%2Fpages%2F141\" data-token=\"a799d9685b281d896d1a5be9af5057be\"><div class=\"wpforms-head-container\"><div class=\"wpforms-title\">Escr\u00edbenos tu consulta<\/div><\/div><noscript class=\"wpforms-error-noscript\">Por favor, activa JavaScript en tu navegador para completar este formulario.<\/noscript><div class=\"wpforms-field-container\"><div id=\"wpforms-5-field_0-container\" class=\"wpforms-field wpforms-field-name\" data-field-id=\"0\"><label class=\"wpforms-field-label wpforms-label-hide\" for=\"wpforms-5-field_0\">Nombre <span class=\"wpforms-required-label\">*<\/span><\/label><div class=\"wpforms-field-row wpforms-field-large\"><div class=\"wpforms-field-row-block wpforms-first wpforms-one-half\"><input type=\"text\" id=\"wpforms-5-field_0\" class=\"wpforms-field-name-first wpforms-field-required\" name=\"wpforms[fields][0][first]\" placeholder=\"First Name\" required><label for=\"wpforms-5-field_0\" class=\"wpforms-field-sublabel after wpforms-sublabel-hide\">Nombre<\/label><\/div><div class=\"wpforms-field-row-block wpforms-one-half\"><input type=\"text\" id=\"wpforms-5-field_0-last\" class=\"wpforms-field-name-last wpforms-field-required\" name=\"wpforms[fields][0][last]\" placeholder=\"Last Name\" required><label for=\"wpforms-5-field_0-last\" class=\"wpforms-field-sublabel after wpforms-sublabel-hide\">Apellidos<\/label><\/div><\/div><\/div><div id=\"wpforms-5-field_1-container\" class=\"wpforms-field wpforms-field-email\" data-field-id=\"1\"><label class=\"wpforms-field-label wpforms-label-hide\" for=\"wpforms-5-field_1\">Email <span class=\"wpforms-required-label\">*<\/span><\/label><input type=\"email\" id=\"wpforms-5-field_1\" class=\"wpforms-field-large wpforms-field-required\" name=\"wpforms[fields][1]\" placeholder=\"Email Address\" required><\/div><div id=\"wpforms-5-field_3-container\" class=\"wpforms-field wpforms-field-text\" data-field-id=\"3\"><label class=\"wpforms-field-label wpforms-label-hide\" for=\"wpforms-5-field_3\">Objeto <span class=\"wpforms-required-label\">*<\/span><\/label><input type=\"text\" id=\"wpforms-5-field_3\" class=\"wpforms-field-large wpforms-field-required\" name=\"wpforms[fields][3]\" placeholder=\"Subject\" required><\/div><div id=\"wpforms-5-field_2-container\" class=\"wpforms-field wpforms-field-textarea\" data-field-id=\"2\"><label class=\"wpforms-field-label wpforms-label-hide\" for=\"wpforms-5-field_2\">Tu mensaje... <span class=\"wpforms-required-label\">*<\/span><\/label><textarea id=\"wpforms-5-field_2\" class=\"wpforms-field-medium wpforms-field-required\" name=\"wpforms[fields][2]\" placeholder=\"Your Message\" required><\/textarea><\/div><\/div><div class=\"wpforms-submit-container\"><input type=\"hidden\" name=\"wpforms[id]\" value=\"5\"><input type=\"hidden\" name=\"wpforms[author]\" value=\"1\"><button type=\"submit\" name=\"wpforms[submit]\" id=\"wpforms-submit-5\" class=\"wpforms-submit\" data-alt-text=\"Enviando\" data-submit-text=\"Env\u00eda mensaje\" aria-live=\"assertive\" value=\"wpforms-submit\">Env\u00eda mensaje<\/button><\/div><\/form><\/div>  <!-- .wpforms-container --><\/div><\/div>\n<\/div>\n<\/div>\n\n\n\n<div style=\"height:15px\" aria-hidden=\"true\" class=\"wp-block-spacer\"><\/div>\n\n\n\n<hr class=\"wp-block-separator aligncenter has-text-color has-background is-style-default\" style=\"background-color:#3f1114;color:#3f1114\"\/>\n\n\n\n<div style=\"height:25px\" aria-hidden=\"true\" class=\"wp-block-spacer\"><\/div>\n\n\n\n<div class=\"wp-block-group alignfull\"><div class=\"wp-block-group__inner-container is-layout-flow wp-block-group-is-layout-flow\">\n<div><iframe src=\"https:\/\/maps.google.com\/maps?q=alle+Federico+S%C3%A1nchez+bedoya+7&amp;z=15&amp;t=m&amp;output=embed\" style=\"border:0;height:300px;width:100%\"><\/iframe><\/div>\n<\/div><\/div>\n<\/div><\/div>\n\n\n\n<div style=\"height:35px\" aria-hidden=\"true\" class=\"wp-block-spacer\"><\/div>\n\n\n\n<p><\/p>\n","protected":false},"excerpt":{"rendered":"<p>Estamos aqu\u00ed para ayudarte Direcci\u00f3n Calle Federico S\u00e1nchez bedoya n\u00b07, 4\u00b0 planta letra GBisSevilla, 41001 Tel\u00e9fono +34 686 29 66 78 ana.aneas@grupoaneas.es<\/p>\n","protected":false},"author":1,"featured_media":0,"parent":0,"menu_order":0,"comment_status":"closed","ping_status":"closed","template":"page-templates\/template-pagebuilder-full-width.php","meta":{"om_disable_all_campaigns":false,"neve_meta_sidebar":"","neve_meta_container":"","neve_meta_enable_content_width":"","neve_meta_content_width":0,"neve_meta_title_alignment":"","neve_meta_author_avatar":"","neve_post_elements_order":"","neve_meta_disable_header":"","neve_meta_disable_footer":"","neve_meta_disable_title":"","footnotes":""},"class_list":["post-141","page","type-page","status-publish","hentry"],"yoast_head":"<!-- This site is optimized with the Yoast SEO plugin v18.4.1 - https:\/\/yoast.com\/wordpress\/plugins\/seo\/ -->\n<title>Contacto - Grupo Aneas<\/title>\n<meta name=\"description\" content=\"Si tienes alguna duda o necesitas hacernos una consulta, no dudes en contactarnos. Te responderemos en m\u00e1ximo 48 horas sin compromiso.\" \/>\n<meta name=\"robots\" content=\"index, follow, max-snippet:-1, max-image-preview:large, max-video-preview:-1\" \/>\n<link rel=\"canonical\" href=\"https:\/\/grupoaneas.es\/?page_id=141\" \/>\n<meta property=\"og:locale\" content=\"es_ES\" \/>\n<meta property=\"og:type\" content=\"article\" \/>\n<meta property=\"og:title\" content=\"Contacto - Grupo Aneas\" \/>\n<meta property=\"og:description\" content=\"Si tienes alguna duda o necesitas hacernos una consulta, no dudes en contactarnos. Te responderemos en m\u00e1ximo 48 horas sin compromiso.\" \/>\n<meta property=\"og:url\" content=\"https:\/\/grupoaneas.es\/?page_id=141\" \/>\n<meta property=\"og:site_name\" content=\"Grupo Aneas\" \/>\n<meta property=\"article:modified_time\" content=\"2022-03-30T14:02:05+00:00\" \/>\n<meta name=\"twitter:card\" content=\"summary_large_image\" \/>\n<meta name=\"twitter:label1\" content=\"Tiempo de lectura\" \/>\n\t<meta name=\"twitter:data1\" content=\"1 minuto\" \/>\n<script type=\"application\/ld+json\" class=\"yoast-schema-graph\">{\"@context\":\"https:\/\/schema.org\",\"@graph\":[{\"@type\":\"Organization\",\"@id\":\"https:\/\/grupoaneas.es\/#organization\",\"name\":\"Grupo Aneas\",\"url\":\"https:\/\/grupoaneas.es\/\",\"sameAs\":[],\"logo\":{\"@type\":\"ImageObject\",\"@id\":\"https:\/\/grupoaneas.es\/#logo\",\"inLanguage\":\"es\",\"url\":\"https:\/\/grupoaneas.es\/wp-content\/uploads\/2022\/01\/cropped-cropped-Logoxxx.png\",\"contentUrl\":\"https:\/\/grupoaneas.es\/wp-content\/uploads\/2022\/01\/cropped-cropped-Logoxxx.png\",\"width\":230,\"height\":40,\"caption\":\"Grupo Aneas\"},\"image\":{\"@id\":\"https:\/\/grupoaneas.es\/#logo\"}},{\"@type\":\"WebSite\",\"@id\":\"https:\/\/grupoaneas.es\/#website\",\"url\":\"https:\/\/grupoaneas.es\/\",\"name\":\"Grupo Aneas\",\"description\":\"Asesor\u00eda fiscal, laboral y legal\",\"publisher\":{\"@id\":\"https:\/\/grupoaneas.es\/#organization\"},\"potentialAction\":[{\"@type\":\"SearchAction\",\"target\":{\"@type\":\"EntryPoint\",\"urlTemplate\":\"https:\/\/grupoaneas.es\/?s={search_term_string}\"},\"query-input\":\"required name=search_term_string\"}],\"inLanguage\":\"es\"},{\"@type\":\"WebPage\",\"@id\":\"https:\/\/grupoaneas.es\/?page_id=141#webpage\",\"url\":\"https:\/\/grupoaneas.es\/?page_id=141\",\"name\":\"Contacto - Grupo Aneas\",\"isPartOf\":{\"@id\":\"https:\/\/grupoaneas.es\/#website\"},\"datePublished\":\"2021-05-12T11:38:43+00:00\",\"dateModified\":\"2022-03-30T14:02:05+00:00\",\"description\":\"Si tienes alguna duda o necesitas hacernos una consulta, no dudes en contactarnos. Te responderemos en m\u00e1ximo 48 horas sin compromiso.\",\"breadcrumb\":{\"@id\":\"https:\/\/grupoaneas.es\/?page_id=141#breadcrumb\"},\"inLanguage\":\"es\",\"potentialAction\":[{\"@type\":\"ReadAction\",\"target\":[\"https:\/\/grupoaneas.es\/?page_id=141\"]}]},{\"@type\":\"BreadcrumbList\",\"@id\":\"https:\/\/grupoaneas.es\/?page_id=141#breadcrumb\",\"itemListElement\":[{\"@type\":\"ListItem\",\"position\":1,\"name\":\"Portada\",\"item\":\"https:\/\/grupoaneas.es\/\"},{\"@type\":\"ListItem\",\"position\":2,\"name\":\"Contacto\"}]}]}<\/script>\n<!-- \/ Yoast SEO plugin. -->","yoast_head_json":{"title":"Contacto - Grupo Aneas","description":"Si tienes alguna duda o necesitas hacernos una consulta, no dudes en contactarnos. Te responderemos en m\u00e1ximo 48 horas sin compromiso.","robots":{"index":"index","follow":"follow","max-snippet":"max-snippet:-1","max-image-preview":"max-image-preview:large","max-video-preview":"max-video-preview:-1"},"canonical":"https:\/\/grupoaneas.es\/?page_id=141","og_locale":"es_ES","og_type":"article","og_title":"Contacto - Grupo Aneas","og_description":"Si tienes alguna duda o necesitas hacernos una consulta, no dudes en contactarnos. Te responderemos en m\u00e1ximo 48 horas sin compromiso.","og_url":"https:\/\/grupoaneas.es\/?page_id=141","og_site_name":"Grupo Aneas","article_modified_time":"2022-03-30T14:02:05+00:00","twitter_card":"summary_large_image","twitter_misc":{"Tiempo de lectura":"1 minuto"},"schema":{"@context":"https:\/\/schema.org","@graph":[{"@type":"Organization","@id":"https:\/\/grupoaneas.es\/#organization","name":"Grupo Aneas","url":"https:\/\/grupoaneas.es\/","sameAs":[],"logo":{"@type":"ImageObject","@id":"https:\/\/grupoaneas.es\/#logo","inLanguage":"es","url":"https:\/\/grupoaneas.es\/wp-content\/uploads\/2022\/01\/cropped-cropped-Logoxxx.png","contentUrl":"https:\/\/grupoaneas.es\/wp-content\/uploads\/2022\/01\/cropped-cropped-Logoxxx.png","width":230,"height":40,"caption":"Grupo Aneas"},"image":{"@id":"https:\/\/grupoaneas.es\/#logo"}},{"@type":"WebSite","@id":"https:\/\/grupoaneas.es\/#website","url":"https:\/\/grupoaneas.es\/","name":"Grupo Aneas","description":"Asesor\u00eda fiscal, laboral y legal","publisher":{"@id":"https:\/\/grupoaneas.es\/#organization"},"potentialAction":[{"@type":"SearchAction","target":{"@type":"EntryPoint","urlTemplate":"https:\/\/grupoaneas.es\/?s={search_term_string}"},"query-input":"required name=search_term_string"}],"inLanguage":"es"},{"@type":"WebPage","@id":"https:\/\/grupoaneas.es\/?page_id=141#webpage","url":"https:\/\/grupoaneas.es\/?page_id=141","name":"Contacto - Grupo Aneas","isPartOf":{"@id":"https:\/\/grupoaneas.es\/#website"},"datePublished":"2021-05-12T11:38:43+00:00","dateModified":"2022-03-30T14:02:05+00:00","description":"Si tienes alguna duda o necesitas hacernos una consulta, no dudes en contactarnos. Te responderemos en m\u00e1ximo 48 horas sin compromiso.","breadcrumb":{"@id":"https:\/\/grupoaneas.es\/?page_id=141#breadcrumb"},"inLanguage":"es","potentialAction":[{"@type":"ReadAction","target":["https:\/\/grupoaneas.es\/?page_id=141"]}]},{"@type":"BreadcrumbList","@id":"https:\/\/grupoaneas.es\/?page_id=141#breadcrumb","itemListElement":[{"@type":"ListItem","position":1,"name":"Portada","item":"https:\/\/grupoaneas.es\/"},{"@type":"ListItem","position":2,"name":"Contacto"}]}]}},"_links":{"self":[{"href":"https:\/\/grupoaneas.es\/index.php?rest_route=\/wp\/v2\/pages\/141","targetHints":{"allow":["GET"]}}],"collection":[{"href":"https:\/\/grupoaneas.es\/index.php?rest_route=\/wp\/v2\/pages"}],"about":[{"href":"https:\/\/grupoaneas.es\/index.php?rest_route=\/wp\/v2\/types\/page"}],"author":[{"embeddable":true,"href":"https:\/\/grupoaneas.es\/index.php?rest_route=\/wp\/v2\/users\/1"}],"replies":[{"embeddable":true,"href":"https:\/\/grupoaneas.es\/index.php?rest_route=%2Fwp%2Fv2%2Fcomments&post=141"}],"version-history":[{"count":22,"href":"https:\/\/grupoaneas.es\/index.php?rest_route=\/wp\/v2\/pages\/141\/revisions"}],"predecessor-version":[{"id":664,"href":"https:\/\/grupoaneas.es\/index.php?rest_route=\/wp\/v2\/pages\/141\/revisions\/664"}],"wp:attachment":[{"href":"https:\/\/grupoaneas.es\/index.php?rest_route=%2Fwp%2Fv2%2Fmedia&parent=141"}],"curies":[{"name":"wp","href":"https:\/\/api.w.org\/{rel}","templated":true}]}}